{"id":25,"date":"2025-06-11T20:26:23","date_gmt":"2025-06-11T20:26:23","guid":{"rendered":"https:\/\/appcen.com.ar\/?page_id=25"},"modified":"2025-07-08T11:46:32","modified_gmt":"2025-07-08T11:46:32","slug":"servicios","status":"publish","type":"page","link":"https:\/\/appcen.com.ar\/?page_id=25","title":{"rendered":"Servicios"},"content":{"rendered":"\t\t<div data-elementor-type=\"wp-page\" data-elementor-id=\"25\" class=\"elementor elementor-25\" data-elementor-post-type=\"page\">\n\t\t\t\t<div class=\"elementor-element elementor-element-2e15735 e-con-full e-flex e-con e-parent\" data-id=\"2e15735\" data-element_type=\"container\" data-e-type=\"container\" data-settings=\"{&quot;background_background&quot;:&quot;classic&quot;}\">\n\t\t\t\t<div class=\"elementor-element elementor-element-6893ee3 elementor-widget__width-inherit elementor-invisible elementor-widget elementor-widget-heading\" data-id=\"6893ee3\" data-element_type=\"widget\" data-e-type=\"widget\" data-settings=\"{&quot;_animation&quot;:&quot;fadeInLeft&quot;}\" data-widget_type=\"heading.default\">\n\t\t\t\t<div class=\"elementor-widget-container\">\n\t\t\t\t\t<h2 class=\"elementor-heading-title elementor-size-default\">Nuestros servicios<\/h2>\t\t\t\t<\/div>\n\t\t\t\t<\/div>\n\t\t\t\t<div class=\"elementor-element elementor-element-8afcc39 elementor-widget__width-initial elementor-invisible elementor-widget elementor-widget-text-editor\" data-id=\"8afcc39\" data-element_type=\"widget\" data-e-type=\"widget\" data-settings=\"{&quot;_animation&quot;:&quot;fadeInLeft&quot;}\" data-widget_type=\"text-editor.default\">\n\t\t\t\t<div class=\"elementor-widget-container\">\n\t\t\t\t\t\t\t\t\t<p><b>Integramos innovaci\u00f3n y evidencia cient\u00edfica en cada propuesta<\/b>, garantizando que nuestras herramientas y metodolog\u00edas sean efectivas, actuales y alineadas con los desaf\u00edos del entorno laboral moderno.<\/p>\t\t\t\t\t\t\t\t<\/div>\n\t\t\t\t<\/div>\n\t\t\t\t<\/div>\n\t\t<div class=\"elementor-element elementor-element-61504a6 e-flex e-con-boxed e-con e-parent\" data-id=\"61504a6\" data-element_type=\"container\" data-e-type=\"container\">\n\t\t\t\t\t<div class=\"e-con-inner\">\n\t\t\t\t<div class=\"elementor-element elementor-element-55b1024 elementor-invisible elementor-widget elementor-widget-heading\" data-id=\"55b1024\" data-element_type=\"widget\" data-e-type=\"widget\" data-settings=\"{&quot;_animation&quot;:&quot;fadeInUp&quot;}\" data-widget_type=\"heading.default\">\n\t\t\t\t<div class=\"elementor-widget-container\">\n\t\t\t\t\t<h2 class=\"elementor-heading-title elementor-size-default\">\u00c1gil, respuesta r\u00e1pida.<\/h2>\t\t\t\t<\/div>\n\t\t\t\t<\/div>\n\t\t\t\t\t<\/div>\n\t\t\t\t<\/div>\n\t\t<div class=\"elementor-element elementor-element-6386f36 e-flex e-con-boxed e-con e-parent\" data-id=\"6386f36\" data-element_type=\"container\" data-e-type=\"container\">\n\t\t\t\t\t<div class=\"e-con-inner\">\n\t\t<div class=\"elementor-element elementor-element-7036e00 e-con-full e-flex elementor-invisible e-con e-child\" data-id=\"7036e00\" data-element_type=\"container\" data-e-type=\"container\" data-settings=\"{&quot;animation&quot;:&quot;fadeIn&quot;}\">\n\t\t<div class=\"elementor-element elementor-element-05b088c e-con-full e-flex elementor-invisible e-con e-child\" data-id=\"05b088c\" data-element_type=\"container\" data-e-type=\"container\" data-settings=\"{&quot;background_background&quot;:&quot;classic&quot;,&quot;animation&quot;:&quot;fadeInUp&quot;}\">\n\t\t<div class=\"elementor-element elementor-element-0e25b2f e-con-full e-flex e-con e-child\" data-id=\"0e25b2f\" data-element_type=\"container\" data-e-type=\"container\">\n\t\t\t\t<div class=\"elementor-element elementor-element-20483c5 elementor-view-default elementor-position-block-start elementor-mobile-position-block-start elementor-widget elementor-widget-icon-box\" data-id=\"20483c5\" data-element_type=\"widget\" data-e-type=\"widget\" data-widget_type=\"icon-box.default\">\n\t\t\t\t<div class=\"elementor-widget-container\">\n\t\t\t\t\t\t\t<div class=\"elementor-icon-box-wrapper\">\n\n\t\t\t\t\t\t<div class=\"elementor-icon-box-icon\">\n\t\t\t\t<span  class=\"elementor-icon\">\n\t\t\t\t<svg xmlns=\"http:\/\/www.w3.org\/2000\/svg\" width=\"2870\" height=\"3931\" viewBox=\"0 0 2870 3931\" fill=\"none\"><path d=\"M1434.74 1434.74C1236.61 1434.74 1067.52 1364.71 927.458 1224.65C787.4 1084.6 717.371 915.502 717.371 717.371C717.371 519.24 787.4 350.145 927.458 210.087C1067.52 70.0291 1236.61 0 1434.74 0C1632.87 0 1801.97 70.0291 1942.03 210.087C2082.08 350.145 2152.11 519.24 2152.11 717.371C2152.11 915.502 2082.08 1084.6 1942.03 1224.65C1801.97 1364.71 1632.87 1434.74 1434.74 1434.74ZM1434.74 1024.82C1520.14 1024.82 1592.77 994.959 1652.62 935.247C1712.47 875.534 1742.32 802.909 1742.19 717.371C1742.05 631.833 1712.19 559.276 1652.62 499.7C1593.04 440.124 1520.42 410.2 1434.74 409.926C1349.07 409.653 1276.51 439.578 1217.07 499.7C1157.63 559.823 1127.71 632.38 1127.3 717.371C1126.89 802.362 1156.81 874.988 1217.07 935.247C1277.33 995.506 1349.89 1025.36 1434.74 1024.82ZM1142.67 3807.19L204.963 2869.48C136.642 2801.16 85.4013 2724.3 51.2408 2638.9C17.0803 2553.5 0 2459.56 0 2357.08C0 2155.53 69.2092 1985.55 207.628 1847.13C346.046 1708.71 515.961 1639.57 717.371 1639.7C816.436 1639.7 907.85 1658.49 991.612 1696.07C1075.37 1733.65 1151.35 1786.6 1219.53 1854.92L1434.74 2070.13L1649.95 1854.92C1718.27 1786.6 1794.32 1733.65 1878.08 1696.07C1961.84 1658.49 2053.18 1639.7 2152.11 1639.7C2353.66 1639.7 2523.64 1708.91 2662.06 1847.33C2800.48 1985.75 2869.62 2155.67 2869.48 2357.08C2869.48 2459.56 2852.4 2553.5 2818.24 2638.9C2784.08 2724.3 2732.84 2801.16 2664.52 2869.48L1726.81 3807.19C1685.82 3848.18 1639.71 3878.93 1588.46 3899.42C1537.22 3919.92 1485.98 3930.17 1434.74 3930.17C1383.5 3930.17 1332.26 3919.92 1281.02 3899.42C1229.78 3878.93 1183.66 3848.18 1142.67 3807.19ZM1434.74 3515.12L2367.32 2582.54C2398.07 2551.79 2421.16 2516.81 2436.6 2477.59C2452.04 2438.38 2459.69 2398.21 2459.56 2357.08C2459.56 2275.09 2430.52 2203.35 2372.45 2141.86C2314.38 2080.38 2240.93 2049.63 2152.11 2049.63C2111.12 2049.63 2074.43 2055.64 2042.05 2067.67C2009.66 2079.69 1978.03 2101.01 1947.15 2131.62L1434.74 2644.02L922.334 2131.62C901.838 2111.12 875.397 2092.33 843.013 2075.25C810.629 2058.17 768.748 2049.63 717.371 2049.63C628.554 2049.63 555.108 2080.38 497.036 2141.86C438.963 2203.35 409.926 2275.09 409.926 2357.08C409.926 2398.07 418.466 2436.53 435.547 2472.47C452.627 2508.41 474.831 2541.68 502.16 2572.29L1434.74 3515.12Z\" fill=\"black\"><\/path><\/svg>\t\t\t\t<\/span>\n\t\t\t<\/div>\n\t\t\t\n\t\t\t\t\t\t<div class=\"elementor-icon-box-content\">\n\n\t\t\t\t\t\t\t\t\t<h3 class=\"elementor-icon-box-title\">\n\t\t\t\t\t\t<span  >\n\t\t\t\t\t\t\tBienestar Organizacional\t\t\t\t\t\t<\/span>\n\t\t\t\t\t<\/h3>\n\t\t\t\t\n\t\t\t\t\t\t\t\t\t<p class=\"elementor-icon-box-description\">\n\t\t\t\t\t\t(Wellbeing)\t\t\t\t\t<\/p>\n\t\t\t\t\n\t\t\t<\/div>\n\t\t\t\n\t\t<\/div>\n\t\t\t\t\t\t<\/div>\n\t\t\t\t<\/div>\n\t\t\t\t<\/div>\n\t\t\t\t<div class=\"elementor-element elementor-element-bccf9ba elementor-widget__width-initial elementor-widget elementor-widget-text-editor\" data-id=\"bccf9ba\" data-element_type=\"widget\" data-e-type=\"widget\" data-widget_type=\"text-editor.default\">\n\t\t\t\t<div class=\"elementor-widget-container\">\n\t\t\t\t\t\t\t\t\t<p><b>Mapeo y evaluaciones de salud mental \/ Asesoramiento personalizado<br \/><\/b>Implementamos evaluaciones exhaustivas que permiten identificar el bienestar mental de tus equipos, ofreciendo soluciones personalizadas para promover un entorno laboral saludable y productivo.<\/p>\t\t\t\t\t\t\t\t<\/div>\n\t\t\t\t<\/div>\n\t\t\t\t<\/div>\n\t\t<div class=\"elementor-element elementor-element-94eba0c e-con-full e-flex elementor-invisible e-con e-child\" data-id=\"94eba0c\" data-element_type=\"container\" data-e-type=\"container\" data-settings=\"{&quot;background_background&quot;:&quot;classic&quot;,&quot;animation&quot;:&quot;fadeInUp&quot;}\">\n\t\t<div class=\"elementor-element elementor-element-359f1e3 e-con-full e-flex e-con e-child\" data-id=\"359f1e3\" data-element_type=\"container\" data-e-type=\"container\">\n\t\t\t\t<div class=\"elementor-element elementor-element-a535f40 elementor-view-default elementor-position-block-start elementor-mobile-position-block-start elementor-widget elementor-widget-icon-box\" data-id=\"a535f40\" data-element_type=\"widget\" data-e-type=\"widget\" data-widget_type=\"icon-box.default\">\n\t\t\t\t<div class=\"elementor-widget-container\">\n\t\t\t\t\t\t\t<div class=\"elementor-icon-box-wrapper\">\n\n\t\t\t\t\t\t<div class=\"elementor-icon-box-icon\">\n\t\t\t\t<span  class=\"elementor-icon\">\n\t\t\t\t<svg xmlns=\"http:\/\/www.w3.org\/2000\/svg\" width=\"3935\" height=\"3935\" viewBox=\"0 0 3935 3935\" fill=\"none\"><g clip-path=\"url(#clip0_545_133)\"><path d=\"M3934.57 2458.93V3934.23H1967.5V2458.93H2459.27V1967.16H3442.8V2458.93H3934.57ZM2705.15 2458.93H3196.92V2213.05H2705.15V2458.93ZM3688.69 3196.58H3442.8V3442.47H3196.92V3196.58H2705.15V3442.47H2459.27V3196.58H2213.38V3688.35H3688.69V3196.58ZM3688.69 2704.81H2213.38V2950.7H3688.69V2704.81ZM3006.74 1721.28C2937.59 1643.16 2855.63 1582.97 2760.86 1540.71C2666.09 1498.45 2565.56 1476.68 2459.27 1475.4C2356.82 1475.4 2261.41 1494.61 2173.04 1533.02C2084.68 1571.44 2006.56 1623.95 1938.69 1690.54C1870.81 1757.14 1817.66 1835.9 1779.24 1926.82C1740.83 2017.75 1721.62 2113.16 1721.62 2213.05C1721.62 2330.87 1695.36 2441.64 1642.86 2545.37C1590.35 2649.11 1516.07 2736.19 1420.02 2806.63C1477.65 2836.08 1531.44 2870.02 1581.39 2908.44C1631.33 2946.86 1678.07 2990.4 1721.62 3039.06V3688.35C1721.62 3587.18 1702.41 3491.77 1663.99 3402.13C1625.57 3312.48 1573.06 3234.36 1506.47 3167.77C1439.87 3101.17 1361.11 3048.03 1270.19 3008.33C1179.26 2968.63 1083.85 2949.42 983.965 2950.7C881.513 2950.7 786.105 2969.91 697.741 3008.33C609.376 3046.75 531.257 3099.25 463.383 3165.85C395.509 3232.44 342.362 3311.2 303.942 3402.13C265.523 3493.05 246.313 3588.46 246.313 3688.35H0.429688C0.429688 3594.86 13.2361 3504.58 38.849 3417.49C64.4619 3330.41 100.96 3247.81 148.344 3169.69C195.728 3091.57 253.357 3022.41 321.231 2962.22C389.105 2902.03 464.663 2850.17 547.905 2806.63C453.138 2737.47 379.5 2651.03 326.994 2547.3C274.488 2443.56 247.594 2332.15 246.313 2213.05C246.313 2111.88 265.523 2016.47 303.942 1926.82C342.362 1837.18 394.868 1759.06 461.462 1692.46C528.055 1625.87 606.175 1572.72 695.82 1533.02C785.465 1493.32 881.513 1474.12 983.965 1475.4C1101.78 1475.4 1212.56 1501.65 1316.29 1554.16C1420.02 1606.66 1507.11 1680.94 1577.54 1776.99C1626.21 1680.94 1688.32 1595.14 1763.88 1519.58C1839.44 1444.02 1925.88 1381.27 2023.21 1331.32C1928.44 1262.17 1854.8 1175.72 1802.3 1071.99C1749.79 968.26 1722.9 856.844 1721.62 737.744C1721.62 636.573 1740.83 541.165 1779.24 451.52C1817.66 361.875 1870.17 283.756 1936.76 217.162C2003.36 150.569 2081.48 97.422 2171.12 57.7221C2260.77 18.0221 2356.82 -1.18759 2459.27 0.0930502C2560.44 0.0930502 2655.85 19.3027 2745.49 57.7221C2835.14 96.1414 2913.26 148.648 2979.85 215.241C3046.44 281.835 3099.59 360.595 3139.29 451.52C3178.99 542.446 3198.2 637.854 3196.92 737.744C3196.92 855.564 3170.67 966.339 3118.16 1070.07C3065.65 1173.8 2991.37 1260.89 2895.33 1331.32C2982.41 1374.87 3061.17 1429.29 3131.61 1494.61C3202.04 1559.92 3261.59 1635.48 3310.26 1721.28H3006.74ZM983.965 2704.81C1051.84 2704.81 1115.23 2692.01 1174.14 2666.4C1233.05 2640.78 1285.56 2605.56 1331.66 2560.74C1377.76 2515.92 1412.98 2464.05 1437.31 2405.14C1461.65 2346.23 1474.45 2282.2 1475.73 2213.05C1475.73 2145.17 1462.93 2081.78 1437.31 2022.87C1411.7 1963.96 1376.48 1911.46 1331.66 1865.35C1286.84 1819.25 1234.97 1784.03 1176.06 1759.7C1117.15 1735.37 1053.12 1722.56 983.965 1721.28C916.091 1721.28 852.699 1734.09 793.789 1759.7C734.879 1785.31 682.373 1820.53 636.27 1865.35C590.166 1910.17 554.949 1962.04 530.617 2020.95C506.284 2079.86 493.478 2143.89 492.197 2213.05C492.197 2280.92 505.004 2344.31 530.617 2403.22C556.229 2462.13 591.447 2514.64 636.27 2560.74C681.092 2606.85 732.958 2642.06 791.868 2666.4C850.778 2690.73 914.81 2703.53 983.965 2704.81ZM1967.5 737.744C1967.5 805.619 1980.31 869.01 2005.92 927.92C2031.53 986.83 2066.75 1039.34 2111.57 1085.44C2156.39 1131.54 2208.26 1166.76 2267.17 1191.09C2326.08 1215.42 2390.11 1228.23 2459.27 1229.51C2527.14 1229.51 2590.53 1216.71 2649.44 1191.09C2708.35 1165.48 2760.86 1130.26 2806.96 1085.44C2853.07 1040.62 2888.28 988.751 2912.62 929.841C2936.95 870.931 2949.75 806.899 2951.03 737.744C2951.03 669.87 2938.23 606.478 2912.62 547.569C2887 488.659 2851.78 436.153 2806.96 390.049C2762.14 343.946 2710.27 308.728 2651.36 284.396C2592.45 260.064 2528.42 247.257 2459.27 245.977C2391.39 245.977 2328 258.783 2269.09 284.396C2210.18 310.009 2157.68 345.227 2111.57 390.049C2065.47 434.872 2030.25 486.738 2005.92 545.648C1981.59 604.557 1968.78 668.59 1967.5 737.744Z\" fill=\"white\"><\/path><\/g><defs><clipPath id=\"clip0_545_133\"><rect width=\"3934.14\" height=\"3934.14\" fill=\"white\" transform=\"translate(0.429688)\"><\/rect><\/clipPath><\/defs><\/svg>\t\t\t\t<\/span>\n\t\t\t<\/div>\n\t\t\t\n\t\t\t\t\t\t<div class=\"elementor-icon-box-content\">\n\n\t\t\t\t\t\t\t\t\t<h3 class=\"elementor-icon-box-title\">\n\t\t\t\t\t\t<span  >\n\t\t\t\t\t\t\tAtracci\u00f3n de talento\t\t\t\t\t\t<\/span>\n\t\t\t\t\t<\/h3>\n\t\t\t\t\n\t\t\t\t\t\t\t\t\t<p class=\"elementor-icon-box-description\">\n\t\t\t\t\t\t(TAAT)\t\t\t\t\t<\/p>\n\t\t\t\t\n\t\t\t<\/div>\n\t\t\t\n\t\t<\/div>\n\t\t\t\t\t\t<\/div>\n\t\t\t\t<\/div>\n\t\t\t\t<\/div>\n\t\t\t\t<div class=\"elementor-element elementor-element-9d81374 elementor-widget__width-initial elementor-widget elementor-widget-text-editor\" data-id=\"9d81374\" data-element_type=\"widget\" data-e-type=\"widget\" data-widget_type=\"text-editor.default\">\n\t\t\t\t<div class=\"elementor-widget-container\">\n\t\t\t\t\t\t\t\t\t<p><b>Talent attraction \/ Evaluaciones psicol\u00f3gicas preocupacionales<br><\/b>Atraemos a los mejores talentos, alineando las habilidades y valores de los candidatos con las necesidades y cultura de tu organizaci\u00f3n. <br>Realizamos evaluaciones psicom\u00e9tricas especializadas que te permiten seleccionar al candidato ideal para cada puesto, asegurando su adecuaci\u00f3n al trabajo y la cultura de la empresa.<\/p>\t\t\t\t\t\t\t\t<\/div>\n\t\t\t\t<\/div>\n\t\t\t\t<\/div>\n\t\t<div class=\"elementor-element elementor-element-bda84d7 e-con-full e-flex elementor-invisible e-con e-child\" data-id=\"bda84d7\" data-element_type=\"container\" data-e-type=\"container\" data-settings=\"{&quot;background_background&quot;:&quot;classic&quot;,&quot;animation&quot;:&quot;fadeInUp&quot;}\">\n\t\t<div class=\"elementor-element elementor-element-3a79443 e-con-full e-flex e-con e-child\" data-id=\"3a79443\" data-element_type=\"container\" data-e-type=\"container\">\n\t\t\t\t<div class=\"elementor-element elementor-element-b022f86 elementor-view-default elementor-position-block-start elementor-mobile-position-block-start elementor-widget elementor-widget-icon-box\" data-id=\"b022f86\" data-element_type=\"widget\" data-e-type=\"widget\" data-widget_type=\"icon-box.default\">\n\t\t\t\t<div class=\"elementor-widget-container\">\n\t\t\t\t\t\t\t<div class=\"elementor-icon-box-wrapper\">\n\n\t\t\t\t\t\t<div class=\"elementor-icon-box-icon\">\n\t\t\t\t<span  class=\"elementor-icon\">\n\t\t\t\t<svg xmlns=\"http:\/\/www.w3.org\/2000\/svg\" width=\"4804\" height=\"4804\" viewBox=\"0 0 4804 4804\" fill=\"none\"><path d=\"M1924.27 4003.34H1400.83C1294.66 4003.34 1192.83 3961.17 1117.75 3886.09C1042.68 3811.01 1000.5 3709.19 1000.5 3603.01V1201.01C1000.5 1094.84 1042.68 993.009 1117.75 917.932C1192.83 842.855 1294.66 800.677 1400.83 800.677H3002.17C3108.34 800.677 3210.17 842.855 3285.25 917.932C3360.32 993.009 3402.5 1094.84 3402.5 1201.01V2802.34M2802 3803.18L3202.33 4203.51L4003 3402.84M1801.17 1601.34H2601.83M1801.17 2402.01H2201.5\" stroke=\"black\" stroke-width=\"369.175\" stroke-linecap=\"round\" stroke-linejoin=\"round\"><\/path><\/svg>\t\t\t\t<\/span>\n\t\t\t<\/div>\n\t\t\t\n\t\t\t\t\t\t<div class=\"elementor-icon-box-content\">\n\n\t\t\t\t\t\t\t\t\t<h3 class=\"elementor-icon-box-title\">\n\t\t\t\t\t\t<span  >\n\t\t\t\t\t\t\tEvaluaciones Estrat\u00e9gicas\t\t\t\t\t\t<\/span>\n\t\t\t\t\t<\/h3>\n\t\t\t\t\n\t\t\t\t\n\t\t\t<\/div>\n\t\t\t\n\t\t<\/div>\n\t\t\t\t\t\t<\/div>\n\t\t\t\t<\/div>\n\t\t\t\t<\/div>\n\t\t\t\t<div class=\"elementor-element elementor-element-f634b19 elementor-widget__width-initial elementor-widget elementor-widget-text-editor\" data-id=\"f634b19\" data-element_type=\"widget\" data-e-type=\"widget\" data-widget_type=\"text-editor.default\">\n\t\t\t\t<div class=\"elementor-widget-container\">\n\t\t\t\t\t\t\t\t\t<p><b>Evaluaciones de desempe\u00f1o<br><\/b>Medimos el rendimiento individual y colectivo de tus empleados, proporcionando informes detallados que te permitir\u00e1n tomar decisiones informadas sobre el desarrollo y crecimiento dentro de la empresa.<\/p>\t\t\t\t\t\t\t\t<\/div>\n\t\t\t\t<\/div>\n\t\t\t\t<div class=\"elementor-element elementor-element-8341a62 elementor-widget__width-initial elementor-widget elementor-widget-text-editor\" data-id=\"8341a62\" data-element_type=\"widget\" data-e-type=\"widget\" data-widget_type=\"text-editor.default\">\n\t\t\t\t<div class=\"elementor-widget-container\">\n\t\t\t\t\t\t\t\t\t<p><b>Evaluaciones de clima<br \/><\/b>Realizamos estudios profundos sobre el ambiente organizacional, proporcionando informaci\u00f3n clave para crear un entorno de trabajo m\u00e1s armonioso, motivador y alineado con los objetivos de la empresa.<\/p>\t\t\t\t\t\t\t\t<\/div>\n\t\t\t\t<\/div>\n\t\t\t\t<\/div>\n\t\t\t\t<\/div>\n\t\t\t\t\t<\/div>\n\t\t\t\t<\/div>\n\t\t\t\t<\/div>\n\t\t","protected":false},"excerpt":{"rendered":"<p>Nuestros servicios Integramos innovaci\u00f3n y evidencia cient\u00edfica en cada propuesta, garantizando que nuestras herramientas y metodolog\u00edas sean efectivas, actuales y [&hellip;]<\/p>\n","protected":false},"author":1,"featured_media":0,"parent":0,"menu_order":0,"comment_status":"closed","ping_status":"closed","template":"","meta":{"site-sidebar-layout":"no-sidebar","site-content-layout":"","ast-site-content-layout":"full-width-container","site-content-style":"default","site-sidebar-style":"default","ast-global-header-display":"","ast-banner-title-visibility":"","ast-main-header-display":"","ast-hfb-above-header-display":"","ast-hfb-below-header-display":"","ast-hfb-mobile-header-display":"","site-post-title":"disabled","ast-breadcrumbs-content":"","ast-featured-img":"disabled","footer-sml-layout":"","theme-transparent-header-meta":"","adv-header-id-meta":"","stick-header-meta":"","header-above-stick-meta":"","header-main-stick-meta":"","header-below-stick-meta":"","astra-migrate-meta-layouts":"default","ast-page-background-enabled":"default","ast-page-background-meta":{"desktop":{"background-color":"var(--ast-global-color-5)","background-image":"","background-repeat":"repeat","background-position":"center center","background-size":"auto","background-attachment":"scroll","background-type":"","background-media":"","overlay-type":"","overlay-color":"","overlay-opacity":"","overlay-gradient":""},"tablet":{"background-color":"","background-image":"","background-repeat":"repeat","background-position":"center center","background-size":"auto","background-attachment":"scroll","background-type":"","background-media":"","overlay-type":"","overlay-color":"","overlay-opacity":"","overlay-gradient":""},"mobile":{"background-color":"","background-image":"","background-repeat":"repeat","background-position":"center center","background-size":"auto","background-attachment":"scroll","background-type":"","background-media":"","overlay-type":"","overlay-color":"","overlay-opacity":"","overlay-gradient":""}},"ast-content-background-meta":{"desktop":{"background-color":"var(--ast-global-color-4)","background-image":"","background-repeat":"repeat","background-position":"center center","background-size":"auto","background-attachment":"scroll","background-type":"","background-media":"","overlay-type":"","overlay-color":"","overlay-opacity":"","overlay-gradient":""},"tablet":{"background-color":"var(--ast-global-color-4)","background-image":"","background-repeat":"repeat","background-position":"center center","background-size":"auto","background-attachment":"scroll","background-type":"","background-media":"","overlay-type":"","overlay-color":"","overlay-opacity":"","overlay-gradient":""},"mobile":{"background-color":"var(--ast-global-color-4)","background-image":"","background-repeat":"repeat","background-position":"center center","background-size":"auto","background-attachment":"scroll","background-type":"","background-media":"","overlay-type":"","overlay-color":"","overlay-opacity":"","overlay-gradient":""}},"footnotes":""},"class_list":["post-25","page","type-page","status-publish","hentry"],"_links":{"self":[{"href":"https:\/\/appcen.com.ar\/index.php?rest_route=\/wp\/v2\/pages\/25","targetHints":{"allow":["GET"]}}],"collection":[{"href":"https:\/\/appcen.com.ar\/index.php?rest_route=\/wp\/v2\/pages"}],"about":[{"href":"https:\/\/appcen.com.ar\/index.php?rest_route=\/wp\/v2\/types\/page"}],"author":[{"embeddable":true,"href":"https:\/\/appcen.com.ar\/index.php?rest_route=\/wp\/v2\/users\/1"}],"replies":[{"embeddable":true,"href":"https:\/\/appcen.com.ar\/index.php?rest_route=%2Fwp%2Fv2%2Fcomments&post=25"}],"version-history":[{"count":28,"href":"https:\/\/appcen.com.ar\/index.php?rest_route=\/wp\/v2\/pages\/25\/revisions"}],"predecessor-version":[{"id":560,"href":"https:\/\/appcen.com.ar\/index.php?rest_route=\/wp\/v2\/pages\/25\/revisions\/560"}],"wp:attachment":[{"href":"https:\/\/appcen.com.ar\/index.php?rest_route=%2Fwp%2Fv2%2Fmedia&parent=25"}],"curies":[{"name":"wp","href":"https:\/\/api.w.org\/{rel}","templated":true}]}}